{"id":24,"date":"2024-04-03T16:27:42","date_gmt":"2024-04-03T14:27:42","guid":{"rendered":"https:\/\/autospartners.fr\/?page_id=24"},"modified":"2024-05-07T14:46:26","modified_gmt":"2024-05-07T12:46:26","slug":"service","status":"publish","type":"page","link":"https:\/\/autospartners.fr\/index.php\/service\/","title":{"rendered":"Service"},"content":{"rendered":"<p>[et_pb_section fb_built=\u00a0\u00bb1&Prime; _builder_version=\u00a0\u00bb4.24.2&Prime; _module_preset=\u00a0\u00bbdefault\u00a0\u00bb background_image=\u00a0\u00bbhttps:\/\/autospartners.fr\/wp-content\/uploads\/2024\/05\/pexels-shvetsa-4315570-scaled.jpg\u00a0\u00bb parallax=\u00a0\u00bbon\u00a0\u00bb custom_padding=\u00a0\u00bb260px||0px|||\u00a0\u00bb global_colors_info=\u00a0\u00bb{}\u00a0\u00bb][\/et_pb_section][et_pb_section fb_built=\u00a0\u00bb1&Prime; _builder_version=\u00a0\u00bb4.24.2&Prime; _module_preset=\u00a0\u00bbdefault\u00a0\u00bb global_colors_info=\u00a0\u00bb{}\u00a0\u00bb][et_pb_row _builder_version=\u00a0\u00bb4.24.2&Prime; _module_preset=\u00a0\u00bbdefault\u00a0\u00bb global_colors_info=\u00a0\u00bb{}\u00a0\u00bb][et_pb_column type=\u00a0\u00bb4_4&Prime; _builder_version=\u00a0\u00bb4.24.2&Prime; _module_preset=\u00a0\u00bbdefault\u00a0\u00bb global_colors_info=\u00a0\u00bb{}\u00a0\u00bb][et_pb_text _builder_version=\u00a0\u00bb4.24.2&Prime; _module_preset=\u00a0\u00bbdefault\u00a0\u00bb text_font=\u00a0\u00bb|700|||||||\u00a0\u00bb text_text_color=\u00a0\u00bb#000000&Prime; text_font_size=\u00a0\u00bb32px\u00a0\u00bb global_colors_info=\u00a0\u00bb{}\u00a0\u00bb text_line_height=\u00a0\u00bb1.1em\u00a0\u00bb]<\/p>\n<p style=\"text-align: center;\">M\u00e9canique et R\u00e9paration<\/p>\n<p>[\/et_pb_text][\/et_pb_column][\/et_pb_row][et_pb_row column_structure=\u00a0\u00bb1_2,1_2&Prime; _builder_version=\u00a0\u00bb4.24.2&Prime; _module_preset=\u00a0\u00bbdefault\u00a0\u00bb global_colors_info=\u00a0\u00bb{}\u00a0\u00bb][et_pb_column type=\u00a0\u00bb1_2&Prime; _builder_version=\u00a0\u00bb4.24.2&Prime; _module_preset=\u00a0\u00bbdefault\u00a0\u00bb global_colors_info=\u00a0\u00bb{}\u00a0\u00bb][et_pb_text _builder_version=\u00a0\u00bb4.24.2&Prime; _module_preset=\u00a0\u00bbdefault\u00a0\u00bb text_font=\u00a0\u00bb|600|||||||\u00a0\u00bb text_text_color=\u00a0\u00bbrgba(0,0,0,0.83)\u00a0\u00bb global_colors_info=\u00a0\u00bb{}\u00a0\u00bb]<\/p>\n<p><span>Chez Autos Partners, nous sommes sp\u00e9cialis\u00e9s dans la r\u00e9paration m\u00e9canique de v\u00e9hicules de toutes marques et mod\u00e8les. Notre \u00e9quipe d&rsquo;experts m\u00e9caniciens est \u00e9quip\u00e9e pour diagnostiquer et r\u00e9soudre tout probl\u00e8me m\u00e9canique avec pr\u00e9cision et efficacit\u00e9. Des r\u00e9parations mineures comme le changement des plaquettes de frein, \u00e0 des interventions plus complexes telles que la r\u00e9paration de moteurs ou la transmission, nous avons l&rsquo;exp\u00e9rience et les outils n\u00e9cessaires pour garantir que votre v\u00e9hicule fonctionne \u00e0 son meilleur.<\/span><\/p>\n<p><span>Nous nous engageons \u00e0 fournir un service de qualit\u00e9 et transparent. Nos m\u00e9caniciens vous expliquent chaque \u00e9tape de la r\u00e9paration et vous fournissent des conseils personnalis\u00e9s pour l&rsquo;entretien de votre v\u00e9hicule, afin de maximiser sa long\u00e9vit\u00e9 et ses performances. Faites confiance \u00e0 [Nom de votre entreprise] pour des services de r\u00e9paration m\u00e9canique fiables et abordables.<\/span><\/p>\n<p>[\/et_pb_text][\/et_pb_column][et_pb_column type=\u00a0\u00bb1_2&Prime; _builder_version=\u00a0\u00bb4.24.2&Prime; _module_preset=\u00a0\u00bbdefault\u00a0\u00bb global_colors_info=\u00a0\u00bb{}\u00a0\u00bb][et_pb_image src=\u00a0\u00bbhttps:\/\/autospartners.fr\/wp-content\/uploads\/2024\/05\/WhatsApp-Image-2024-05-04-a-16.53.13_b807a684.jpg\u00a0\u00bb title_text=\u00a0\u00bbWhatsApp Image 2024-05-04 \u00e0 16.53.13_b807a684&Prime; _builder_version=\u00a0\u00bb4.24.2&Prime; _module_preset=\u00a0\u00bbdefault\u00a0\u00bb global_colors_info=\u00a0\u00bb{}\u00a0\u00bb][\/et_pb_image][\/et_pb_column][\/et_pb_row][\/et_pb_section][et_pb_section fb_built=\u00a0\u00bb1&Prime; _builder_version=\u00a0\u00bb4.24.2&Prime; _module_preset=\u00a0\u00bbdefault\u00a0\u00bb background_image=\u00a0\u00bbhttps:\/\/autospartners.fr\/wp-content\/uploads\/2024\/05\/pexels-shvetsa-4315570-scaled.jpg\u00a0\u00bb parallax=\u00a0\u00bbon\u00a0\u00bb parallax_method=\u00a0\u00bboff\u00a0\u00bb background_blend=\u00a0\u00bbdarken\u00a0\u00bb custom_padding=\u00a0\u00bb47px|||||\u00a0\u00bb global_colors_info=\u00a0\u00bb{}\u00a0\u00bb][\/et_pb_section][et_pb_section fb_built=\u00a0\u00bb1&Prime; _builder_version=\u00a0\u00bb4.24.2&Prime; _module_preset=\u00a0\u00bbdefault\u00a0\u00bb global_colors_info=\u00a0\u00bb{}\u00a0\u00bb][et_pb_row column_structure=\u00a0\u00bb1_2,1_2&Prime; _builder_version=\u00a0\u00bb4.24.2&Prime; _module_preset=\u00a0\u00bbdefault\u00a0\u00bb global_colors_info=\u00a0\u00bb{}\u00a0\u00bb][et_pb_column type=\u00a0\u00bb1_2&Prime; _builder_version=\u00a0\u00bb4.24.2&Prime; _module_preset=\u00a0\u00bbdefault\u00a0\u00bb global_colors_info=\u00a0\u00bb{}\u00a0\u00bb][et_pb_image src=\u00a0\u00bbhttps:\/\/autospartners.fr\/wp-content\/uploads\/2024\/05\/WhatsApp-Image-2024-05-04-a-16.53.10_ce6fee84.jpg\u00a0\u00bb title_text=\u00a0\u00bbWhatsApp Image 2024-05-04 \u00e0 16.53.10_ce6fee84&Prime; _builder_version=\u00a0\u00bb4.24.2&Prime; _module_preset=\u00a0\u00bbdefault\u00a0\u00bb custom_padding=\u00a0\u00bb||61px|||\u00a0\u00bb global_colors_info=\u00a0\u00bb{}\u00a0\u00bb][\/et_pb_image][\/et_pb_column][et_pb_column type=\u00a0\u00bb1_2&Prime; _builder_version=\u00a0\u00bb4.24.2&Prime; _module_preset=\u00a0\u00bbdefault\u00a0\u00bb global_colors_info=\u00a0\u00bb{}\u00a0\u00bb][et_pb_text _builder_version=\u00a0\u00bb4.24.2&Prime; _module_preset=\u00a0\u00bbdefault\u00a0\u00bb text_font=\u00a0\u00bb|600|||||||\u00a0\u00bb text_text_color=\u00a0\u00bbrgba(0,0,0,0.83)\u00a0\u00bb global_colors_info=\u00a0\u00bb{}\u00a0\u00bb]<\/p>\n<p><span>\u00c0 Autos Partners , nous comprenons que la transparence et la communication sont essentielles. C&rsquo;est pourquoi nous nous effor\u00e7ons de garder nos clients inform\u00e9s \u00e0 chaque \u00e9tape importantes de la r\u00e9paration. Nos sp\u00e9cialistes discutent ouvertement des options disponibles et fournissent des estimations d\u00e9taill\u00e9es avant de commencer tout travail. Que ce soit pour une simple maintenance ou pour des r\u00e9parations complexes, nous vous assurons une exp\u00e9rience sans stress et totalement transparente.<\/span><\/p>\n<p>[\/et_pb_text][\/et_pb_column][\/et_pb_row][et_pb_row _builder_version=\u00a0\u00bb4.24.2&Prime; _module_preset=\u00a0\u00bbdefault\u00a0\u00bb global_colors_info=\u00a0\u00bb{}\u00a0\u00bb][et_pb_column type=\u00a0\u00bb4_4&Prime; _builder_version=\u00a0\u00bb4.24.2&Prime; _module_preset=\u00a0\u00bbdefault\u00a0\u00bb global_colors_info=\u00a0\u00bb{}\u00a0\u00bb][et_pb_text _builder_version=\u00a0\u00bb4.24.2&Prime; _module_preset=\u00a0\u00bbdefault\u00a0\u00bb text_font=\u00a0\u00bb|600|||||||\u00a0\u00bb text_text_color=\u00a0\u00bbrgba(0,0,0,0.83)\u00a0\u00bb global_colors_info=\u00a0\u00bb{}\u00a0\u00bb]<\/p>\n<p style=\"text-align: center;\"><span>Chez Autos Partners, nous ne nous contentons pas de r\u00e9parer votre v\u00e9hicule ; nous nous engageons \u00e9galement \u00e0 prolonger sa dur\u00e9e de vie gr\u00e2ce \u00e0 un suivi et une maintenance r\u00e9guliers. Nos m\u00e9caniciens qualifi\u00e9s effectuent des inspections d\u00e9taill\u00e9es pour identifier les signes avant-coureurs de probl\u00e8mes potentiels, permettant des interventions pr\u00e9ventives qui peuvent \u00e9viter des r\u00e9parations co\u00fbteuses \u00e0 l&rsquo;avenir. Confiez-nous votre voiture pour une maintenance r\u00e9guli\u00e8re et roulez en toute confiance, en sachant que votre v\u00e9hicule est en excellent \u00e9tat.<\/span><\/p>\n<p>[\/et_pb_text][\/et_pb_column][\/et_pb_row][\/et_pb_section][et_pb_section fb_built=\u00a0\u00bb1&Prime; _builder_version=\u00a0\u00bb4.24.2&Prime; _module_preset=\u00a0\u00bbdefault\u00a0\u00bb background_image=\u00a0\u00bbhttps:\/\/autospartners.fr\/wp-content\/uploads\/2024\/05\/pexels-shvetsa-4315570-scaled.jpg\u00a0\u00bb parallax=\u00a0\u00bbon\u00a0\u00bb parallax_method=\u00a0\u00bboff\u00a0\u00bb background_blend=\u00a0\u00bbdarken\u00a0\u00bb custom_padding=\u00a0\u00bb47px|||||\u00a0\u00bb global_colors_info=\u00a0\u00bb{}\u00a0\u00bb][\/et_pb_section]<\/p>\n","protected":false},"excerpt":{"rendered":"<p>M\u00e9canique et R\u00e9parationChez Autos Partners, nous sommes sp\u00e9cialis\u00e9s dans la r\u00e9paration m\u00e9canique de v\u00e9hicules de toutes marques et mod\u00e8les. Notre \u00e9quipe d&rsquo;experts m\u00e9caniciens est \u00e9quip\u00e9e pour diagnostiquer et r\u00e9soudre tout probl\u00e8me m\u00e9canique avec pr\u00e9cision et efficacit\u00e9. Des r\u00e9parations mineures comme le changement des plaquettes de frein, \u00e0 des interventions plus complexes telles que la r\u00e9paration [&hellip;]<\/p>\n","protected":false},"author":1,"featured_media":0,"parent":0,"menu_order":0,"comment_status":"closed","ping_status":"closed","template":"","meta":{"_et_pb_use_builder":"on","_et_pb_old_content":"<!-- wp:divi\/placeholder \/-->","_et_gb_content_width":"","footnotes":""},"_links":{"self":[{"href":"https:\/\/autospartners.fr\/index.php\/wp-json\/wp\/v2\/pages\/24"}],"collection":[{"href":"https:\/\/autospartners.fr\/index.php\/wp-json\/wp\/v2\/pages"}],"about":[{"href":"https:\/\/autospartners.fr\/index.php\/wp-json\/wp\/v2\/types\/page"}],"author":[{"embeddable":true,"href":"https:\/\/autospartners.fr\/index.php\/wp-json\/wp\/v2\/users\/1"}],"replies":[{"embeddable":true,"href":"https:\/\/autospartners.fr\/index.php\/wp-json\/wp\/v2\/comments?post=24"}],"version-history":[{"count":8,"href":"https:\/\/autospartners.fr\/index.php\/wp-json\/wp\/v2\/pages\/24\/revisions"}],"predecessor-version":[{"id":184,"href":"https:\/\/autospartners.fr\/index.php\/wp-json\/wp\/v2\/pages\/24\/revisions\/184"}],"wp:attachment":[{"href":"https:\/\/autospartners.fr\/index.php\/wp-json\/wp\/v2\/media?parent=24"}],"curies":[{"name":"wp","href":"https:\/\/api.w.org\/{rel}","templated":true}]}}