{"id":375,"date":"2026-02-19T15:11:59","date_gmt":"2026-02-19T14:11:59","guid":{"rendered":"https:\/\/autospartners.fr\/?page_id=375"},"modified":"2026-02-19T15:12:10","modified_gmt":"2026-02-19T14:12:10","slug":"politique-confidentialite","status":"publish","type":"page","link":"https:\/\/autospartners.fr\/index.php\/politique-confidentialite\/","title":{"rendered":"politique-confidentialite"},"content":{"rendered":"<p>[et_pb_section fb_built=\u00a0\u00bb1&Prime; theme_builder_area=\u00a0\u00bbpost_content\u00a0\u00bb _builder_version=\u00a0\u00bb4.27.5&Prime; _module_preset=\u00a0\u00bbdefault\u00a0\u00bb][et_pb_row _builder_version=\u00a0\u00bb4.27.5&Prime; _module_preset=\u00a0\u00bbdefault\u00a0\u00bb theme_builder_area=\u00a0\u00bbpost_content\u00a0\u00bb][et_pb_column _builder_version=\u00a0\u00bb4.27.5&Prime; _module_preset=\u00a0\u00bbdefault\u00a0\u00bb type=\u00a0\u00bb4_4&Prime; theme_builder_area=\u00a0\u00bbpost_content\u00a0\u00bb][et_pb_text _builder_version=\u00a0\u00bb4.27.5&Prime; _module_preset=\u00a0\u00bbdefault\u00a0\u00bb theme_builder_area=\u00a0\u00bbpost_content\u00a0\u00bb hover_enabled=\u00a0\u00bb0&Prime; sticky_enabled=\u00a0\u00bb0&Prime;]<\/p>\n<h1 data-start=\"2339\" data-end=\"2370\">Politique de confidentialit\u00e9<\/h1>\n<p>&nbsp;<\/p>\n<h3 data-start=\"2372\" data-end=\"2394\">Donn\u00e9es collect\u00e9es<\/h3>\n<p data-start=\"2395\" data-end=\"2441\">Le site peut collecter les donn\u00e9es suivantes :<\/p>\n<ul data-start=\"2443\" data-end=\"2532\">\n<li data-start=\"2443\" data-end=\"2448\">\n<p data-start=\"2445\" data-end=\"2448\">Nom<\/p>\n<\/li>\n<li data-start=\"2449\" data-end=\"2464\">\n<p data-start=\"2451\" data-end=\"2464\">Adresse email<\/p>\n<\/li>\n<li data-start=\"2465\" data-end=\"2486\">\n<p data-start=\"2467\" data-end=\"2486\">Num\u00e9ro de t\u00e9l\u00e9phone<\/p>\n<\/li>\n<li data-start=\"2487\" data-end=\"2532\">\n<p data-start=\"2489\" data-end=\"2532\">Message envoy\u00e9 via le formulaire de contact<\/p>\n<\/li>\n<\/ul>\n<p data-start=\"2534\" data-end=\"2617\">Ces donn\u00e9es sont collect\u00e9es uniquement lorsque l\u2019utilisateur remplit un formulaire.<\/p>\n<hr data-start=\"2619\" data-end=\"2622\" \/>\n<h3 data-start=\"2624\" data-end=\"2650\">Finalit\u00e9 du traitement<\/h3>\n<p data-start=\"2651\" data-end=\"2684\">Les donn\u00e9es sont utilis\u00e9es pour :<\/p>\n<ul data-start=\"2686\" data-end=\"2784\">\n<li data-start=\"2686\" data-end=\"2718\">\n<p data-start=\"2688\" data-end=\"2718\">r\u00e9pondre aux demandes clients,<\/p>\n<\/li>\n<li data-start=\"2719\" data-end=\"2751\">\n<p data-start=\"2721\" data-end=\"2751\">\u00e9tablir un contact commercial,<\/p>\n<\/li>\n<li data-start=\"2752\" data-end=\"2784\">\n<p data-start=\"2754\" data-end=\"2784\">assurer le suivi des demandes.<\/p>\n<\/li>\n<\/ul>\n<hr data-start=\"2786\" data-end=\"2789\" \/>\n<h3 data-start=\"2791\" data-end=\"2806\">Base l\u00e9gale<\/h3>\n<p data-start=\"2807\" data-end=\"2869\">Le traitement repose sur le <strong data-start=\"2835\" data-end=\"2868\">consentement de l\u2019utilisateur<\/strong>.<\/p>\n<hr data-start=\"2871\" data-end=\"2874\" \/>\n<h3 data-start=\"2876\" data-end=\"2901\">Dur\u00e9e de conservation<\/h3>\n<p data-start=\"2902\" data-end=\"2995\">Les donn\u00e9es sont conserv\u00e9es pendant une dur\u00e9e maximale de <strong data-start=\"2960\" data-end=\"2969\">3 ans<\/strong> apr\u00e8s le dernier contact.<\/p>\n<hr data-start=\"2997\" data-end=\"3000\" \/>\n<h3 data-start=\"3002\" data-end=\"3019\">Destinataires<\/h3>\n<p data-start=\"3020\" data-end=\"3106\">Les donn\u00e9es sont exclusivement destin\u00e9es \u00e0 Autos-Partners et ne sont jamais revendues.<\/p>\n<hr data-start=\"3108\" data-end=\"3111\" \/>\n<h3 data-start=\"3113\" data-end=\"3140\">Droits des utilisateurs<\/h3>\n<p data-start=\"3141\" data-end=\"3198\">Conform\u00e9ment au RGPD, vous disposez des droits suivants :<\/p>\n<ul data-start=\"3200\" data-end=\"3277\">\n<li data-start=\"3200\" data-end=\"3207\">\n<p data-start=\"3202\" data-end=\"3207\">acc\u00e8s<\/p>\n<\/li>\n<li data-start=\"3208\" data-end=\"3223\">\n<p data-start=\"3210\" data-end=\"3223\">rectification<\/p>\n<\/li>\n<li data-start=\"3224\" data-end=\"3237\">\n<p data-start=\"3226\" data-end=\"3237\">suppression<\/p>\n<\/li>\n<li data-start=\"3238\" data-end=\"3264\">\n<p data-start=\"3240\" data-end=\"3264\">limitation du traitement<\/p>\n<\/li>\n<li data-start=\"3265\" data-end=\"3277\">\n<p data-start=\"3267\" data-end=\"3277\">opposition<\/p>\n<\/li>\n<\/ul>\n<p data-start=\"3279\" data-end=\"3313\">Contact : <a data-start=\"3289\" data-end=\"3313\" class=\"decorated-link cursor-pointer\" rel=\"noopener\">contact@autospartners.fr<span aria-hidden=\"true\" class=\"ms-0.5 inline-block align-middle leading-none\"><svg xmlns=\"http:\/\/www.w3.org\/2000\/svg\" width=\"20\" height=\"20\" aria-hidden=\"true\" data-rtl-flip=\"\" class=\"block h-[0.75em] w-[0.75em] stroke-current stroke-[0.75]\"><use href=\"\/cdn\/assets\/sprites-core-mxwopdm6.svg#304883\" fill=\"currentColor\"><\/use><\/svg><\/span><\/a><\/p>\n<p data-start=\"3315\" data-end=\"3375\">Vous pouvez \u00e9galement d\u00e9poser une plainte aupr\u00e8s de la CNIL.<\/p>\n<p>[\/et_pb_text][\/et_pb_column][\/et_pb_row][\/et_pb_section]<\/p>\n","protected":false},"excerpt":{"rendered":"<p>Politique de confidentialit\u00e9 &nbsp; Donn\u00e9es collect\u00e9es Le site peut collecter les donn\u00e9es suivantes : Nom Adresse email Num\u00e9ro de t\u00e9l\u00e9phone Message envoy\u00e9 via le formulaire de contact Ces donn\u00e9es sont collect\u00e9es uniquement lorsque l\u2019utilisateur remplit un formulaire. Finalit\u00e9 du traitement Les donn\u00e9es sont utilis\u00e9es pour : r\u00e9pondre aux demandes clients, \u00e9tablir un contact commercial, assurer [&hellip;]<\/p>\n","protected":false},"author":1,"featured_media":0,"parent":0,"menu_order":0,"comment_status":"closed","ping_status":"closed","template":"","meta":{"_et_pb_use_builder":"on","_et_pb_old_content":"","_et_gb_content_width":"","footnotes":""},"_links":{"self":[{"href":"https:\/\/autospartners.fr\/index.php\/wp-json\/wp\/v2\/pages\/375"}],"collection":[{"href":"https:\/\/autospartners.fr\/index.php\/wp-json\/wp\/v2\/pages"}],"about":[{"href":"https:\/\/autospartners.fr\/index.php\/wp-json\/wp\/v2\/types\/page"}],"author":[{"embeddable":true,"href":"https:\/\/autospartners.fr\/index.php\/wp-json\/wp\/v2\/users\/1"}],"replies":[{"embeddable":true,"href":"https:\/\/autospartners.fr\/index.php\/wp-json\/wp\/v2\/comments?post=375"}],"version-history":[{"count":2,"href":"https:\/\/autospartners.fr\/index.php\/wp-json\/wp\/v2\/pages\/375\/revisions"}],"predecessor-version":[{"id":377,"href":"https:\/\/autospartners.fr\/index.php\/wp-json\/wp\/v2\/pages\/375\/revisions\/377"}],"wp:attachment":[{"href":"https:\/\/autospartners.fr\/index.php\/wp-json\/wp\/v2\/media?parent=375"}],"curies":[{"name":"wp","href":"https:\/\/api.w.org\/{rel}","templated":true}]}}