{"id":381,"date":"2026-02-19T15:14:15","date_gmt":"2026-02-19T14:14:15","guid":{"rendered":"https:\/\/autospartners.fr\/?page_id=381"},"modified":"2026-02-19T15:14:21","modified_gmt":"2026-02-19T14:14:21","slug":"cgv","status":"publish","type":"page","link":"https:\/\/autospartners.fr\/index.php\/cgv\/","title":{"rendered":"cgv"},"content":{"rendered":"<p>[et_pb_section fb_built=\u00a0\u00bb1&Prime; theme_builder_area=\u00a0\u00bbpost_content\u00a0\u00bb _builder_version=\u00a0\u00bb4.27.5&Prime; _module_preset=\u00a0\u00bbdefault\u00a0\u00bb][et_pb_row _builder_version=\u00a0\u00bb4.27.5&Prime; _module_preset=\u00a0\u00bbdefault\u00a0\u00bb theme_builder_area=\u00a0\u00bbpost_content\u00a0\u00bb][et_pb_column _builder_version=\u00a0\u00bb4.27.5&Prime; _module_preset=\u00a0\u00bbdefault\u00a0\u00bb type=\u00a0\u00bb4_4&Prime; theme_builder_area=\u00a0\u00bbpost_content\u00a0\u00bb][et_pb_text _builder_version=\u00a0\u00bb4.27.5&Prime; _module_preset=\u00a0\u00bbdefault\u00a0\u00bb theme_builder_area=\u00a0\u00bbpost_content\u00a0\u00bb hover_enabled=\u00a0\u00bb0&Prime; sticky_enabled=\u00a0\u00bb0&Prime;]<\/p>\n<h1 data-start=\"4375\" data-end=\"4407\">Conditions g\u00e9n\u00e9rales de vente<\/h1>\n<p>&nbsp;<\/p>\n<h3 data-start=\"4409\" data-end=\"4430\">Article 1 \u2014 Objet<\/h3>\n<p data-start=\"4431\" data-end=\"4521\">Les pr\u00e9sentes CGV r\u00e9gissent la vente de v\u00e9hicules et services propos\u00e9s par Autos-Partners.<\/p>\n<hr data-start=\"4523\" data-end=\"4526\" \/>\n<h3 data-start=\"4528\" data-end=\"4552\">Article 2 \u2014 Produits<\/h3>\n<p data-start=\"4553\" data-end=\"4654\">Les v\u00e9hicules pr\u00e9sent\u00e9s sont des v\u00e9hicules d\u2019occasion d\u00e9crits avec la plus grande pr\u00e9cision possible.<\/p>\n<hr data-start=\"4656\" data-end=\"4659\" \/>\n<h3 data-start=\"4661\" data-end=\"4681\">Article 3 \u2014 Prix<\/h3>\n<p data-start=\"4682\" data-end=\"4718\">Les prix sont indiqu\u00e9s en euros TTC.<\/p>\n<hr data-start=\"4720\" data-end=\"4723\" \/>\n<h3 data-start=\"4725\" data-end=\"4749\">Article 4 \u2014 Paiement<\/h3>\n<p data-start=\"4750\" data-end=\"4786\">Le paiement peut \u00eatre effectu\u00e9 par :<\/p>\n<ul data-start=\"4788\" data-end=\"4851\">\n<li data-start=\"4788\" data-end=\"4807\">\n<p data-start=\"4790\" data-end=\"4807\">virement bancaire<\/p>\n<\/li>\n<li data-start=\"4808\" data-end=\"4826\">\n<p data-start=\"4810\" data-end=\"4826\">ch\u00e8que de banque<\/p>\n<\/li>\n<li data-start=\"4827\" data-end=\"4851\">\n<p data-start=\"4829\" data-end=\"4851\">financement partenaire<\/p>\n<\/li>\n<\/ul>\n<hr data-start=\"4853\" data-end=\"4856\" \/>\n<h3 data-start=\"4858\" data-end=\"4882\">Article 5 \u2014 Garantie<\/h3>\n<p data-start=\"4883\" data-end=\"4932\">Les v\u00e9hicules b\u00e9n\u00e9ficient des garanties l\u00e9gales :<\/p>\n<ul data-start=\"4934\" data-end=\"5000\">\n<li data-start=\"4934\" data-end=\"4965\">\n<p data-start=\"4936\" data-end=\"4965\">garantie l\u00e9gale de conformit\u00e9<\/p>\n<\/li>\n<li data-start=\"4966\" data-end=\"5000\">\n<p data-start=\"4968\" data-end=\"5000\">garantie contre les vices cach\u00e9s<\/p>\n<\/li>\n<\/ul>\n<p data-start=\"5002\" data-end=\"5044\">(conform\u00e9ment au Code de la consommation).<\/p>\n<hr data-start=\"5046\" data-end=\"5049\" \/>\n<h3 data-start=\"5051\" data-end=\"5079\">Article 6 \u2014 R\u00e9tractation<\/h3>\n<p data-start=\"5080\" data-end=\"5217\">Conform\u00e9ment \u00e0 la l\u00e9gislation fran\u00e7aise, le droit de r\u00e9tractation peut ne pas s\u2019appliquer aux ventes r\u00e9alis\u00e9es en \u00e9tablissement physique.<\/p>\n<hr data-start=\"5219\" data-end=\"5222\" \/>\n<h3 data-start=\"5224\" data-end=\"5247\">Article 7 \u2014 Litiges<\/h3>\n<p data-start=\"5248\" data-end=\"5313\">Tout litige rel\u00e8ve du droit fran\u00e7ais et des tribunaux comp\u00e9tents.<\/p>\n<p>[\/et_pb_text][\/et_pb_column][\/et_pb_row][\/et_pb_section]<\/p>\n","protected":false},"excerpt":{"rendered":"<p>Conditions g\u00e9n\u00e9rales de vente &nbsp; Article 1 \u2014 Objet Les pr\u00e9sentes CGV r\u00e9gissent la vente de v\u00e9hicules et services propos\u00e9s par Autos-Partners. Article 2 \u2014 Produits Les v\u00e9hicules pr\u00e9sent\u00e9s sont des v\u00e9hicules d\u2019occasion d\u00e9crits avec la plus grande pr\u00e9cision possible. Article 3 \u2014 Prix Les prix sont indiqu\u00e9s en euros TTC. Article 4 \u2014 Paiement [&hellip;]<\/p>\n","protected":false},"author":1,"featured_media":0,"parent":0,"menu_order":0,"comment_status":"closed","ping_status":"closed","template":"","meta":{"_et_pb_use_builder":"on","_et_pb_old_content":"","_et_gb_content_width":"","footnotes":""},"_links":{"self":[{"href":"https:\/\/autospartners.fr\/index.php\/wp-json\/wp\/v2\/pages\/381"}],"collection":[{"href":"https:\/\/autospartners.fr\/index.php\/wp-json\/wp\/v2\/pages"}],"about":[{"href":"https:\/\/autospartners.fr\/index.php\/wp-json\/wp\/v2\/types\/page"}],"author":[{"embeddable":true,"href":"https:\/\/autospartners.fr\/index.php\/wp-json\/wp\/v2\/users\/1"}],"replies":[{"embeddable":true,"href":"https:\/\/autospartners.fr\/index.php\/wp-json\/wp\/v2\/comments?post=381"}],"version-history":[{"count":2,"href":"https:\/\/autospartners.fr\/index.php\/wp-json\/wp\/v2\/pages\/381\/revisions"}],"predecessor-version":[{"id":383,"href":"https:\/\/autospartners.fr\/index.php\/wp-json\/wp\/v2\/pages\/381\/revisions\/383"}],"wp:attachment":[{"href":"https:\/\/autospartners.fr\/index.php\/wp-json\/wp\/v2\/media?parent=381"}],"curies":[{"name":"wp","href":"https:\/\/api.w.org\/{rel}","templated":true}]}}